{"id":71,"date":"2022-05-26T22:01:58","date_gmt":"2022-05-26T20:01:58","guid":{"rendered":"http:\/\/1001productions.net\/?page_id=71"},"modified":"2022-05-27T08:48:56","modified_gmt":"2022-05-27T06:48:56","slug":"ocean-fifty-saison-1","status":"publish","type":"page","link":"http:\/\/1001productions.net\/index.php\/ocean-fifty-saison-1\/","title":{"rendered":"OCEAN FIFTY Saison 1"},"content":{"rendered":"\n<figure class=\"wp-block-embed is-type-video is-provider-youtube wp-block-embed-youtube wp-embed-aspect-16-9 wp-has-aspect-ratio\"><div class=\"wp-block-embed__wrapper\">\n<iframe loading=\"lazy\" title=\"Trailer Ocean Fifty S1\" width=\"660\" height=\"371\" src=\"https:\/\/www.youtube.com\/embed\/2PQElugfccY?feature=oembed\" frameborder=\"0\" allow=\"accelerometer; autoplay; clipboard-write; encrypted-media; gyroscope; picture-in-picture\" allowfullscreen><\/iframe>\n<\/div><figcaption>LA BANDE ANNONCE DE LA SAISON 1 DE OCEAN FIFTY<\/figcaption><\/figure>\n\n\n\n<p>Ocean Fifty s\u2019immerge int\u00e9gralement aux c\u00f4t\u00e9s de skippers du Pro Sailing Tour. Quatre exp\u00e9ditions au large, une plong\u00e9e sensationnelle au c\u0153ur de ce que la course au large a de meilleur. Afin d\u2019offrir l\u2019immersion la plus compl\u00e8te possible, chaque bateau disposait d\u2019un cameraman embarqu\u00e9 afin de suivre pr\u00e9paration, la bataille en mer, les doutes et les joies de chaque \u00e9quipage.<\/p>\n\n\n\n<p><em>4 \u00e9pisodes de 52 minutes<\/em><\/p>\n\n\n\n<p><strong>Disponible sur MyCanal<\/strong> en France et diffus\u00e9 dans plus de 120 pays.<\/p>\n","protected":false},"excerpt":{"rendered":"<p>Ocean Fifty s\u2019immerge int\u00e9gralement aux c\u00f4t\u00e9s de skippers du Pro Sailing Tour. Quatre exp\u00e9ditions au large, une plong\u00e9e sensationnelle au c\u0153ur de ce que la course au large a de meilleur. Afin d\u2019offrir l\u2019immersion la plus compl\u00e8te possible, chaque bateau disposait d\u2019un cameraman embarqu\u00e9 afin de suivre pr\u00e9paration, la bataille en mer, les doutes et &hellip; <a href=\"http:\/\/1001productions.net\/index.php\/ocean-fifty-saison-1\/\" class=\"more-link\">Continuer la lecture de <span class=\"screen-reader-text\">OCEAN FIFTY Saison 1<\/span><\/a><\/p>\n","protected":false},"author":1,"featured_media":0,"parent":0,"menu_order":0,"comment_status":"closed","ping_status":"open","template":"","meta":[],"_links":{"self":[{"href":"http:\/\/1001productions.net\/index.php\/wp-json\/wp\/v2\/pages\/71"}],"collection":[{"href":"http:\/\/1001productions.net\/index.php\/wp-json\/wp\/v2\/pages"}],"about":[{"href":"http:\/\/1001productions.net\/index.php\/wp-json\/wp\/v2\/types\/page"}],"author":[{"embeddable":true,"href":"http:\/\/1001productions.net\/index.php\/wp-json\/wp\/v2\/users\/1"}],"replies":[{"embeddable":true,"href":"http:\/\/1001productions.net\/index.php\/wp-json\/wp\/v2\/comments?post=71"}],"version-history":[{"count":4,"href":"http:\/\/1001productions.net\/index.php\/wp-json\/wp\/v2\/pages\/71\/revisions"}],"predecessor-version":[{"id":156,"href":"http:\/\/1001productions.net\/index.php\/wp-json\/wp\/v2\/pages\/71\/revisions\/156"}],"wp:attachment":[{"href":"http:\/\/1001productions.net\/index.php\/wp-json\/wp\/v2\/media?parent=71"}],"curies":[{"name":"wp","href":"https:\/\/api.w.org\/{rel}","templated":true}]}}