{"id":118,"date":"2022-05-26T23:30:19","date_gmt":"2022-05-26T21:30:19","guid":{"rendered":"http:\/\/1001productions.net\/?page_id=118"},"modified":"2022-05-26T23:30:19","modified_gmt":"2022-05-26T21:30:19","slug":"letat-sauvage","status":"publish","type":"page","link":"http:\/\/1001productions.net\/index.php\/letat-sauvage\/","title":{"rendered":"L&rsquo;ETAT SAUVAGE"},"content":{"rendered":"\n<figure class=\"wp-block-embed is-type-video is-provider-youtube wp-block-embed-youtube wp-embed-aspect-16-9 wp-has-aspect-ratio\"><div class=\"wp-block-embed__wrapper\">\n<iframe loading=\"lazy\" title=\"L&#039;ETAT SAUVAGE bande annonce, sortie le 26 02 2020\" width=\"660\" height=\"371\" src=\"https:\/\/www.youtube.com\/embed\/JPWshM-_tMY?feature=oembed\" frameborder=\"0\" allow=\"accelerometer; autoplay; clipboard-write; encrypted-media; gyroscope; picture-in-picture\" allowfullscreen><\/iframe>\n<\/div><\/figure>\n\n\n\n<p>Etats-Unis, 1861, la guerre de S\u00e9cession fait rage. Une famille de colons fran\u00e7ais d\u00e9cide de fuir le Missouri o\u00f9 ils vivent depuis 20 ans. Edmond, Madeleine et leurs trois filles doivent traverser tout le pays pour prendre le premier bateau qui les ram\u00e8nera en France. Victor, ancien mercenaire au comportement myst\u00e9rieux, est charg\u00e9 de veiller \u00e0 la s\u00e9curit\u00e9 du voyage&#8230;.<\/p>\n","protected":false},"excerpt":{"rendered":"<p>Etats-Unis, 1861, la guerre de S\u00e9cession fait rage. Une famille de colons fran\u00e7ais d\u00e9cide de fuir le Missouri o\u00f9 ils vivent depuis 20 ans. Edmond, Madeleine et leurs trois filles doivent traverser tout le pays pour prendre le premier bateau qui les ram\u00e8nera en France. Victor, ancien mercenaire au comportement myst\u00e9rieux, est charg\u00e9 de veiller &hellip; <a href=\"http:\/\/1001productions.net\/index.php\/letat-sauvage\/\" class=\"more-link\">Continuer la lecture de <span class=\"screen-reader-text\">L&rsquo;ETAT SAUVAGE<\/span><\/a><\/p>\n","protected":false},"author":1,"featured_media":0,"parent":0,"menu_order":0,"comment_status":"closed","ping_status":"closed","template":"","meta":[],"_links":{"self":[{"href":"http:\/\/1001productions.net\/index.php\/wp-json\/wp\/v2\/pages\/118"}],"collection":[{"href":"http:\/\/1001productions.net\/index.php\/wp-json\/wp\/v2\/pages"}],"about":[{"href":"http:\/\/1001productions.net\/index.php\/wp-json\/wp\/v2\/types\/page"}],"author":[{"embeddable":true,"href":"http:\/\/1001productions.net\/index.php\/wp-json\/wp\/v2\/users\/1"}],"replies":[{"embeddable":true,"href":"http:\/\/1001productions.net\/index.php\/wp-json\/wp\/v2\/comments?post=118"}],"version-history":[{"count":1,"href":"http:\/\/1001productions.net\/index.php\/wp-json\/wp\/v2\/pages\/118\/revisions"}],"predecessor-version":[{"id":119,"href":"http:\/\/1001productions.net\/index.php\/wp-json\/wp\/v2\/pages\/118\/revisions\/119"}],"wp:attachment":[{"href":"http:\/\/1001productions.net\/index.php\/wp-json\/wp\/v2\/media?parent=118"}],"curies":[{"name":"wp","href":"https:\/\/api.w.org\/{rel}","templated":true}]}}